{"id":13,"date":"2019-12-04T15:03:15","date_gmt":"2019-12-04T15:03:15","guid":{"rendered":"http:\/\/amrcontabil.com.br\/?page_id=13"},"modified":"2020-05-04T19:31:59","modified_gmt":"2020-05-04T19:31:59","slug":"empresa","status":"publish","type":"page","link":"https:\/\/amrcontabil.com.br\/index.php\/empresa\/","title":{"rendered":"Empresa"},"content":{"rendered":"\n<p>A AMR Cont\u00e1bil constr\u00f3i rela\u00e7\u00f5es de alta confian\u00e7a com seus clientes e colaboradores, firmando parcerias que perduram por d\u00e9cadas. A AMR Cont\u00e1bil acumula experi\u00eancia e credibilidade em sua hist\u00f3ria e, com a aten\u00e7\u00e3o e o carinho de uma empresa familiar, \u00e9 reconhecida pelo seu trabalho por grandes organiza\u00e7\u00f5es de diversos segmentos, como o banc\u00e1rio, condom\u00ednios residenciais, comerciais e outros segmentos.&nbsp;<br><\/p>\n\n\n\n<p>&nbsp;A compet\u00eancia na presta\u00e7\u00e3o de servi\u00e7os  \u00e9 o que leva o nome da AMR Cont\u00e1bil por todos esses anos e \u00e9 fruto do \u00f3timo relacionamento da empresa com seus funcion\u00e1rios. Sendo fundamentada primariamente no conhecimento pr\u00e1tico de quem trabalhou muitos anos na \u00e1rea, a administra\u00e7\u00e3o da AMR Cont\u00e1bil entende as necessidades de seus clientes e busca sempre oferecer as melhores profissionais do mercado.<\/p>\n","protected":false},"excerpt":{"rendered":"<p>A AMR Cont\u00e1bil constr\u00f3i rela\u00e7\u00f5es de alta confian\u00e7a com seus clientes e colaboradores, firmando parcerias que perduram por d\u00e9cadas. A AMR Cont\u00e1bil [&hellip;]<\/p>\n","protected":false},"author":1,"featured_media":0,"parent":0,"menu_order":0,"comment_status":"closed","ping_status":"closed","template":"page-templates\/page_fullwidth.php","meta":{"_joinchat":[]},"_links":{"self":[{"href":"https:\/\/amrcontabil.com.br\/index.php\/wp-json\/wp\/v2\/pages\/13"}],"collection":[{"href":"https:\/\/amrcontabil.com.br\/index.php\/wp-json\/wp\/v2\/pages"}],"about":[{"href":"https:\/\/amrcontabil.com.br\/index.php\/wp-json\/wp\/v2\/types\/page"}],"author":[{"embeddable":true,"href":"https:\/\/amrcontabil.com.br\/index.php\/wp-json\/wp\/v2\/users\/1"}],"replies":[{"embeddable":true,"href":"https:\/\/amrcontabil.com.br\/index.php\/wp-json\/wp\/v2\/comments?post=13"}],"version-history":[{"count":4,"href":"https:\/\/amrcontabil.com.br\/index.php\/wp-json\/wp\/v2\/pages\/13\/revisions"}],"predecessor-version":[{"id":49,"href":"https:\/\/amrcontabil.com.br\/index.php\/wp-json\/wp\/v2\/pages\/13\/revisions\/49"}],"wp:attachment":[{"href":"https:\/\/amrcontabil.com.br\/index.php\/wp-json\/wp\/v2\/media?parent=13"}],"curies":[{"name":"wp","href":"https:\/\/api.w.org\/{rel}","templated":true}]}}