{"id":15,"date":"2019-12-04T15:03:39","date_gmt":"2019-12-04T15:03:39","guid":{"rendered":"http:\/\/amrcontabil.com.br\/?page_id=15"},"modified":"2020-07-27T14:13:32","modified_gmt":"2020-07-27T14:13:32","slug":"servicos","status":"publish","type":"page","link":"https:\/\/amrcontabil.com.br\/index.php\/servicos\/","title":{"rendered":"Servi\u00e7os"},"content":{"rendered":"\n<ul><li>Constitui\u00e7\u00e3o, baixa e altera\u00e7\u00e3o de empresas;<\/li><li>Escritura\u00e7\u00e3o Cont\u00e1bil;<\/li><li>Escritura\u00e7\u00e3o e Gest\u00e3o tribut\u00e1ria;<\/li><li>Administra\u00e7\u00e3o de Pessoal e Folha de Pagamento;<\/li><li>Assessoria especializada para condom\u00ednios;<\/li><li>ITR e assessoria rural.<\/li><\/ul>\n","protected":false},"excerpt":{"rendered":"<p>Constitui\u00e7\u00e3o, baixa e altera\u00e7\u00e3o de empresas; Escritura\u00e7\u00e3o Cont\u00e1bil; Escritura\u00e7\u00e3o e Gest\u00e3o tribut\u00e1ria; Administra\u00e7\u00e3o de Pessoal e Folha de Pagamento; Assessoria especializada para [&hellip;]<\/p>\n","protected":false},"author":1,"featured_media":0,"parent":0,"menu_order":0,"comment_status":"closed","ping_status":"closed","template":"page-templates\/page_fullwidth.php","meta":{"_joinchat":[]},"_links":{"self":[{"href":"https:\/\/amrcontabil.com.br\/index.php\/wp-json\/wp\/v2\/pages\/15"}],"collection":[{"href":"https:\/\/amrcontabil.com.br\/index.php\/wp-json\/wp\/v2\/pages"}],"about":[{"href":"https:\/\/amrcontabil.com.br\/index.php\/wp-json\/wp\/v2\/types\/page"}],"author":[{"embeddable":true,"href":"https:\/\/amrcontabil.com.br\/index.php\/wp-json\/wp\/v2\/users\/1"}],"replies":[{"embeddable":true,"href":"https:\/\/amrcontabil.com.br\/index.php\/wp-json\/wp\/v2\/comments?post=15"}],"version-history":[{"count":3,"href":"https:\/\/amrcontabil.com.br\/index.php\/wp-json\/wp\/v2\/pages\/15\/revisions"}],"predecessor-version":[{"id":591,"href":"https:\/\/amrcontabil.com.br\/index.php\/wp-json\/wp\/v2\/pages\/15\/revisions\/591"}],"wp:attachment":[{"href":"https:\/\/amrcontabil.com.br\/index.php\/wp-json\/wp\/v2\/media?parent=15"}],"curies":[{"name":"wp","href":"https:\/\/api.w.org\/{rel}","templated":true}]}}